{"id":4666,"date":"2021-06-12T09:12:24","date_gmt":"2021-06-12T07:12:24","guid":{"rendered":"https:\/\/lutu.photos\/?page_id=4666"},"modified":"2026-01-25T12:58:35","modified_gmt":"2026-01-25T11:58:35","slug":"investicia-svadba-rande-laska","status":"publish","type":"page","link":"https:\/\/lutu.photos\/sk\/domov\/investicia-svadba-rande-laska\/","title":{"rendered":"INVEST\u00cdCIA | V\u0160AKOVAK\u00c1 L\u00c1SKA"},"content":{"rendered":"","protected":true},"excerpt":{"rendered":"","protected":true},"author":1,"featured_media":0,"parent":3924,"menu_order":0,"comment_status":"closed","ping_status":"closed","template":"","meta":{"footnotes":""},"class_list":["post-4666","page","type-page","status-publish","post-password-required"],"_links":{"self":[{"href":"https:\/\/lutu.photos\/sk\/wp-json\/wp\/v2\/pages\/4666","targetHints":{"allow":["GET"]}}],"collection":[{"href":"https:\/\/lutu.photos\/sk\/wp-json\/wp\/v2\/pages"}],"about":[{"href":"https:\/\/lutu.photos\/sk\/wp-json\/wp\/v2\/types\/page"}],"author":[{"embeddable":true,"href":"https:\/\/lutu.photos\/sk\/wp-json\/wp\/v2\/users\/1"}],"replies":[{"embeddable":true,"href":"https:\/\/lutu.photos\/sk\/wp-json\/wp\/v2\/comments?post=4666"}],"version-history":[{"count":6,"href":"https:\/\/lutu.photos\/sk\/wp-json\/wp\/v2\/pages\/4666\/revisions"}],"predecessor-version":[{"id":6707,"href":"https:\/\/lutu.photos\/sk\/wp-json\/wp\/v2\/pages\/4666\/revisions\/6707"}],"up":[{"embeddable":true,"href":"https:\/\/lutu.photos\/sk\/wp-json\/wp\/v2\/pages\/3924"}],"wp:attachment":[{"href":"https:\/\/lutu.photos\/sk\/wp-json\/wp\/v2\/media?parent=4666"}],"curies":[{"name":"wp","href":"https:\/\/api.w.org\/{rel}","templated":true}]}}